{"id":783,"date":"2018-05-23T03:28:07","date_gmt":"2018-05-23T03:28:07","guid":{"rendered":"http:\/\/daphatech.yourweb.vn\/san-pham\/mh-synchronous-cutter\/"},"modified":"2019-07-25T13:53:47","modified_gmt":"2019-07-25T13:53:47","slug":"synchronous-screen-of-cutting-machine-2","status":"publish","type":"product","link":"https:\/\/daphatech.vn\/en\/san-pham\/synchronous-screen-of-cutting-machine-2\/","title":{"rendered":"synchronous Screen of cutting machine"},"content":{"rendered":"<p><span id=\"result_box\" class=\"\" lang=\"en\"><span title=\"BK-2007A s\u01b0\u0309 du\u0323ng ma\u0300n hi\u0300nh 5'' LCD, phu\u0300 h\u01a1\u0323p m\u00f4i tr\u01b0\u01a1\u0300ng co\u0301 a\u0301nh sa\u0301ng ma\u0323nh, co\u0301 th\u00ea\u0309 \u0111i\u00ea\u0300u khi\u00ea\u0309n \u0111\u00f4\u0300ng b\u00f4\u0323 tr\u01b0\u0323c ti\u00ea\u0301p cho h\u00ea\u0323 th\u00f4\u0301ng AC servo, \u0111\u00f4\u0323 ch\u00f4\u0301ng nhi\u00ea\u0303u cao cho h\u00e2\u0300u h\u00ea\u0301t ca\u0301c loa\u0323i m\u00f4i tr\u01b0\u01a1\u0300ng c\u00f4ng nghi\u00ea\u0323p, t\u00e2\u0300n\">The BK-2007A uses a 5 &#8220;LCD screen, suitable for high light environment, direct synchronous control of the AC servo system, high antinoise for almost type of industrial environment. frequence reach<\/span><span title=\"s\u00f4\u0301 \u0111a\u0323t t\u01a1\u0301i 80KHz thi\u0301ch h\u01a1\u0323p cho 12 loa\u0323i ma\u0301y.\">\u00a0to 80KHz suitable for 12 types of machine. <\/span><span title=\"\u0110\u0103\u0323c bi\u00ea\u0323t, t\u00f4\u0301c \u0111\u00f4\u0323 pho\u0301ng co\u0301 th\u00ea\u0309 t\u01b0\u0323 \u0111\u00f4\u0323ng thay \u0111\u00f4\u0309i theo t\u00f4\u0301c \u0111\u00f4\u0323 cu\u0309a ma\u0301y. \">Specifically, the zoom speed can automatically change according to the speed of the machine.<br \/>\n<\/span><span title=\"BK-2007A khi \u01b0\u0301ng du\u0323ng ph\u00f4\u0309 bi\u00ea\u0301n \u0111a\u0303 nh\u00e2\u0323n \u0111\u01b0\u01a1\u0323c nhi\u00ea\u0300u khen ng\u01a1\u0323i t\u01b0\u0300 ca\u0301c t\u00f4\u0309 ch\u01b0\u0301c, c\u00f4ng ty trong n\u01b0\u1edbc v\u00e0 ngo\u00e0i n\u01b0\u1edbc v\u00ea\u0300 \u0111\u00f4\u0323 th\u00edch nghi va\u0300 hi\u1ec7u qu\u1ea3 cao, \u0111\u00f4\u0323 ch\u1ed1ng nhi\u1ec5u cao va\u0300 c\u0169ng d\u1ec5 d\u00e0ng thay \u0111\u00f4\u0309i ch\u01b0\u01a1ng tri\u0300nh.\">BK-2007A has received high praise from local and foreign organizations and companies for its high adaptability and efficiency, high antinoise\u00a0 and easy change of program. <\/span><span title=\"\u0110\u00e2y la\u0300 ni\u00ea\u0300m t\u01b0\u0323 ha\u0300o cu\u0309a chu\u0301ng t\u00f4i khi sa\u0309n xu\u00e2\u0301t va\u0300 ph\u00e2n ph\u00f4\u0301i sa\u0309n ph\u00e2\u0309m t\u00f4\u0301i \u01b0u na\u0300y.\">This is our pride in producing and distributing this optimum product. <\/span><span title=\"Chu\u0301ng t\u00f4i se\u0303 kh\u00f4ng ng\u01b0\u0300ng ca\u0309i ti\u00ea\u0301n va\u0300 nghi\u00ean c\u01b0\u0301u nhi\u00ea\u0300u sa\u0309n ph\u00e2\u0309m c\u00f4ng ngh\u00ea\u0323 cao h\u01a1n n\u01b0\u0303a h\u00f4\u0303 tr\u01a1\u0323 nga\u0300nh sa\u0309n xu\u00e2\u0301t c\u00f4ng nghi\u00ea\u0323p tr\u00ean toa\u0300n th\u00ea\u0301 gi\u01a1\u0301i.\">We will continue to innovate and research more high-tech products supporting the manufacturing industry worldwide.<\/span><\/span><\/p>\n","protected":false},"excerpt":{"rendered":"<p><span id=\"result_box\" class=\"\" lang=\"en\"><span class=\"\">Characteristics:<\/span><\/p>\n<p>1. Automatically change the speed of the machine<br \/>\n2. Stop at high speed, absolute stop position.<br \/>\n<span class=\"\">3. High output current when using punch signal and more applications &#8230;<\/span><br \/>\n4. Easy to use<br \/>\n5. The product has passed the ISO9001: 2008 quality certification<br \/>\n6. Power supply: 220v \/ 50Hz, 100W<br \/>\n7. Speed: 10-500 bags \/ minute<br \/>\n8. Work: for 12 different types of machines<br \/>\n9. Weight: 3.5kg<br \/>\n10. Outside Dimension: 280mm * 140mm<br \/>\nOuter hole size: 262mm * 127mm<br \/>\n12. Display: 5 &#8220;LCD monitor, display language&#8221; Chinese \/ English &#8220;<\/span><\/p>\n","protected":false},"featured_media":782,"comment_status":"closed","ping_status":"closed","template":"","meta":{"_acf_changed":false},"product_brand":[],"product_cat":[57],"product_tag":[],"class_list":{"0":"post-783","1":"product","2":"type-product","3":"status-publish","4":"has-post-thumbnail","6":"product_cat-step-motor","8":"first","9":"instock","10":"shipping-taxable","11":"product-type-simple"},"acf":[],"post_mailing_queue_ids":[],"_links":{"self":[{"href":"https:\/\/daphatech.vn\/en\/wp-json\/wp\/v2\/product\/783","targetHints":{"allow":["GET"]}}],"collection":[{"href":"https:\/\/daphatech.vn\/en\/wp-json\/wp\/v2\/product"}],"about":[{"href":"https:\/\/daphatech.vn\/en\/wp-json\/wp\/v2\/types\/product"}],"replies":[{"embeddable":true,"href":"https:\/\/daphatech.vn\/en\/wp-json\/wp\/v2\/comments?post=783"}],"wp:featuredmedia":[{"embeddable":true,"href":"https:\/\/daphatech.vn\/en\/wp-json\/wp\/v2\/media\/782"}],"wp:attachment":[{"href":"https:\/\/daphatech.vn\/en\/wp-json\/wp\/v2\/media?parent=783"}],"wp:term":[{"taxonomy":"product_brand","embeddable":true,"href":"https:\/\/daphatech.vn\/en\/wp-json\/wp\/v2\/product_brand?post=783"},{"taxonomy":"product_cat","embeddable":true,"href":"https:\/\/daphatech.vn\/en\/wp-json\/wp\/v2\/product_cat?post=783"},{"taxonomy":"product_tag","embeddable":true,"href":"https:\/\/daphatech.vn\/en\/wp-json\/wp\/v2\/product_tag?post=783"}],"curies":[{"name":"wp","href":"https:\/\/api.w.org\/{rel}","templated":true}]}}