{"id":668,"date":"2018-05-22T23:49:59","date_gmt":"2018-05-22T23:49:59","guid":{"rendered":"http:\/\/daphatech.yourweb.vn\/san-pham\/high-torque-inverter\/"},"modified":"2018-06-01T09:02:51","modified_gmt":"2018-06-01T09:02:51","slug":"high-torque-inverter","status":"publish","type":"product","link":"https:\/\/daphatech.vn\/en\/san-pham\/high-torque-inverter\/","title":{"rendered":"High torque inverter"},"content":{"rendered":"<p><span id=\"result_box\" class=\"\" lang=\"en\">Current vector series<br \/>\n<span class=\"\">Suitable for machines: tools, woodworking, stone exploitation, mining, metallurgy, printing, wire drawing, textiles, paper, food, chemicals, pharmaceuticals, electrical wires and cables, industrial<\/span> <span class=\"\">ceramics, building materials, packaging, cigarettes, and other industrial fields<\/span><br \/>\nPower range: 0.4kw ~ 3.7kw (220V)<br \/>\n0.75kw ~ 55kw (380V)<\/span><\/p>\n<p><img loading=\"lazy\" decoding=\"async\" class=\"size-full wp-image-666 aligncenter\" src=\"http:\/\/daphatech.vn\/wp-content\/uploads\/2018\/05\/v300-5.png\" alt=\"\" width=\"550\" height=\"400\" \/><\/p>\n","protected":false},"excerpt":{"rendered":"<p><span id=\"result_box\" class=\"\" lang=\"en\"><span title=\"1. C\u00f4ng ngh\u1ec7 \u0111i\u1ec1u khi\u1ec3n vec-t\u01a1 d\u00f2ng \u0111i\u1ec7n v\u00e0 V\/F c\u00f9ng l\u00fac\n\">1. Current and V \/ F vector control technology<br \/>\n<\/span><span title=\"2. Ng\u1eabu l\u1ef1c cao \u1edf t\u1ea7n s\u1ed1 th\u1ea5p: ng\u1eabu l\u1ef1c 150% \u1edf 0.5Hz\n\">2. High torque at low frequency: torque 150% at 0.5Hz<br \/>\n<\/span><span title=\"3. \u0110\u1eb7c tuy\u1ebfn \u1ed5n \u0111\u1ecbnh ch\u00ednh x\u00e1c cao: t\u1ec9 l\u1ec7 sai t\u00edn hi\u1ec7u v\u00e0o\/ra c\u1ee7a t\u1ed1c \u0111\u1ed9 ch\u1ec9 l\u00e0 \u00b10.5%\n\">High accuracy stability curve: The input \/ output error rate is only \u00b1 0.5%<br \/>\n<\/span><span title=\"4. C\u00f4ng ngh\u1ec7 t\u1ef1 \u0111\u1ecdc \u0111\u1ed9c nh\u1ea5t: Sau g\u1eafn d\u00e2y motor, bi\u1ebfn t\u1ea7n t\u1ef1 \u0111\u1ed9ng tinh ch\u1ec9nh t\u0129nh\/\u0111\u1ed9ng \u0111\u1ec3 ghi nh\u1eadn th\u00f4ng s\u1ed1 \u0111i\u1ec1u khi\u1ec3n vec-t\u01a1 cho motor.\n\">Unique self-reading technology: After the motor cable is attached, the inverter automatically calibrates the motor to detect the vector control parameters for the motor.<br \/>\n<\/span><span title=\"5. \u0110\u1ed9 b\u1ec1n cao: ch\u1ecbu \u0111\u1ef1ng t\u1ed1t khi m\u00f4i tr\u01b0\u1eddng thay \u0111\u1ed5i.\n\">High durability: good tolerance to environmental changes.<br \/>\n<\/span><span title=\"6. \u0110i\u1ec1u ch\u1ec9nh \u0111\u01a1n gi\u1ea3n v\u00e0 d\u1ec5 d\u00e0ng\n\">6. Simple and easy adjustment<br \/>\n<\/span><span title=\"7. \u0110\u00e1p \u1ee9ng nhanh v\u00e0 \u1ed5n \u0111\u1ecbnh khi t\u1ed1c \u0111\u1ed9 gi\u1ea3m, th\u1eddi gian t\u0103ng\/gi\u1ea3m t\u1ed1c \u0111\u1ed9 t\u1ed1i \u0111a c\u00f3 th\u1ec3 c\u00e0i \u1edf 0.1s.\n\">7. Fast and stable response when speed decreases, maximum acceleration \/ deceleration time can be set at 0.1s.<br \/>\n<\/span><span title=\"8. Th\u1eadm ch\u00ed c\u00f3 thay \u0111\u1ed5i \u0111\u1ed9t ng\u1ed9t c\u1ee7a t\u1ea3i, th\u1eddi gian t\u0103ng\/gi\u1ea3m t\u1ed1c \u0111\u1ed9 nhanh th\u00ec bi\u1ebfn t\u1ea7n v\u1eabn t\u1ef1 \u0111i\u1ec1u ch\u1ec9nh nhanh v\u00e0 th\u00f4ng minh theo kh\u00f4ng b\u00e1o l\u1ed7i qu\u00e1 d\u00f2ng v\u00e0 ng\u1eafn m\u1ea1ch,\u2026\n\">8. Even with sudden changes in load, fast rise \/ decrease speed, the inverter automatically adjusts rapidly and intelligently according to no overcurrent and short circuit fault.<br \/>\n<\/span><span title=\"9. \u0110\u1eb7t nhi\u1ec1u lo\u1ea1i ng\u00f5 v\u00e0o t\u1ea7n s\u1ed1, giao th\u1ee9c B+MODBUS c\u1ee7a giao ti\u1ebfp RS485 l\u00e0 c\u1ea5u h\u00ecnh chu\u1ea9n\">9. Set a variety of frequency inputs, the B + MODBUS protocol of the RS485 interface is the standard configuration<\/span><\/span><\/p>\n","protected":false},"featured_media":665,"comment_status":"closed","ping_status":"closed","template":"","meta":{"_acf_changed":false},"product_brand":[],"product_cat":[15],"product_tag":[],"class_list":{"0":"post-668","1":"product","2":"type-product","3":"status-publish","4":"has-post-thumbnail","6":"product_cat-inverter-enc","8":"first","9":"instock","10":"shipping-taxable","11":"product-type-simple"},"acf":[],"post_mailing_queue_ids":[],"_links":{"self":[{"href":"https:\/\/daphatech.vn\/en\/wp-json\/wp\/v2\/product\/668","targetHints":{"allow":["GET"]}}],"collection":[{"href":"https:\/\/daphatech.vn\/en\/wp-json\/wp\/v2\/product"}],"about":[{"href":"https:\/\/daphatech.vn\/en\/wp-json\/wp\/v2\/types\/product"}],"replies":[{"embeddable":true,"href":"https:\/\/daphatech.vn\/en\/wp-json\/wp\/v2\/comments?post=668"}],"wp:featuredmedia":[{"embeddable":true,"href":"https:\/\/daphatech.vn\/en\/wp-json\/wp\/v2\/media\/665"}],"wp:attachment":[{"href":"https:\/\/daphatech.vn\/en\/wp-json\/wp\/v2\/media?parent=668"}],"wp:term":[{"taxonomy":"product_brand","embeddable":true,"href":"https:\/\/daphatech.vn\/en\/wp-json\/wp\/v2\/product_brand?post=668"},{"taxonomy":"product_cat","embeddable":true,"href":"https:\/\/daphatech.vn\/en\/wp-json\/wp\/v2\/product_cat?post=668"},{"taxonomy":"product_tag","embeddable":true,"href":"https:\/\/daphatech.vn\/en\/wp-json\/wp\/v2\/product_tag?post=668"}],"curies":[{"name":"wp","href":"https:\/\/api.w.org\/{rel}","templated":true}]}}