{"id":662,"date":"2018-05-22T23:41:41","date_gmt":"2018-05-22T23:41:41","guid":{"rendered":"http:\/\/daphatech.yourweb.vn\/san-pham\/plastic-injection-injection-machine-3\/"},"modified":"2019-08-23T06:04:08","modified_gmt":"2019-08-23T06:04:08","slug":"inverter-for-injection-molding-machine","status":"publish","type":"product","link":"https:\/\/daphatech.vn\/en\/san-pham\/inverter-for-injection-molding-machine\/","title":{"rendered":"inverter for injection molding machine"},"content":{"rendered":"","protected":false},"excerpt":{"rendered":"<p><span id=\"result_box\" class=\"\" lang=\"en\"><span title=\"1. \u0110i\u00ea\u0300u khi\u00ea\u0309n theo c\u00f4ng ngh\u00ea\u0323 vector do\u0300ng \u0111i\u00ea\u0323n, chi\u0323u \u0111\u01b0\u0323ng \u0111\u00e2\u0300y ta\u0309i \u01a1\u0309 t\u00e2\u0300n s\u00f4\u0301 0.1Hz.\n\">1. Controlled by current vector technology, withstands full load at 0.1Hz.<br \/>\n<\/span><span title=\"2. Kha\u0309 n\u0103ng chi\u0323u qua\u0301 ta\u0309i cao v\u01a1\u0301i 150% do\u0300ng danh \u0111i\u0323nh trong th\u01a1\u0300i gian 03 phu\u0301t, 200% trong 5 gi\u00e2y.\n\">High overload capacity of 150% of rated current for 3 minutes, 200% for 5 seconds.<br \/>\n<\/span><span title=\"3. Ch\u01b0\u0301c n\u0103ng \u0111i\u00ea\u0300u khi\u00ea\u0309n \u0111\u0103\u0323c bi\u00ea\u0323t hoa\u0300n ha\u0309o cho ma\u0301y phun e\u0301p nh\u01b0\u0323a\n\">3. Special control function is perfect for injection molding machine<br \/>\n<\/span><span title=\"Cung c\u00e2\u0301p ngo\u0303 va\u0300o ti\u0301n hi\u00ea\u0323u ca\u0301ch ly analog: 02 ngo\u0303 0~1A va\u0300 02 ngo\u0303 0~10V, co\u0301 th\u00ea\u0309 k\u00ea\u0301t n\u00f4\u0301i \u0111i\u00ea\u0300u khi\u00ea\u0309n tr\u01b0\u0323c ti\u00ea\u0301p va\u0300 t\u01b0\u0300ng ph\u00e2\u0300n kha\u0301c nhau thu\u00e2\u0323n l\u01a1\u0323i trong ma\u0301y phun e\u0301p nh\u01b0\u0323a.\">Supply analogue input signal: 02 0 ~ 1A and 02 0 ~ 10V lane, can be connected directly to control and different parts are advantageous in the injection molding machine. <\/span><span title=\"C\u00f4ng ngh\u00ea\u0323 vector do\u0300ng \u0111i\u00ea\u0323n hoa\u0300n ha\u0309o k\u00ea\u0301t h\u01a1\u0323p gi\u01b0\u0303a nhu c\u00e2\u0300u \u0111\u0103\u0323c bi\u00ea\u0323t cu\u0309a ma\u0301y phun e\u0301p nh\u01b0\u0323a v\u01a1\u0301i bi\u00ea\u0301n t\u00e2\u0300n, ta\u0323o cho bi\u00ea\u0301n t\u00e2\u0300n nh\u01b0\u0303ng y\u00eau c\u00e2\u0300u \u0111\u0103\u0323c bi\u00ea\u0323t nh\u01b0 la\u0300 \u0111a\u0301p \u01b0\u0301ng nhanh ng\u00e2\u0303u l\u01b0\u0323c hi\u00ea\u0323n ta\u0323i, la\u0300m cho s\u01b0\u0323 tho\u0309a ma\u0303n cu\u0309a ma\u0301y co\u0301\">The perfect electrical vector technology combines the special needs of injection molding machines with inverters to provide special requirements such as instantaneous torque response, <\/span><span title=\"khu\u00f4n \u0111u\u0301c ki\u0301n chi\u0323u l\u01b0\u0323c cao, ma\u0301y phun,\u2026tr\u01a1\u0309 tha\u0300nh hi\u00ea\u0323n th\u01b0\u0323c.\n\">High pressure molded castings, injection machines, &#8230; become a reality.<br \/>\n<\/span><span title=\"V\u01a1\u0301i ph\u01b0\u01a1ng pha\u0301p ki\u0301ch do\u0300ng \u0111i\u00ea\u0323n co\u0301 th\u00ea\u0309 \u0111i\u00ea\u0300u chi\u0309nh hi\u00ea\u0323u qua\u0309 nhi\u00ea\u0323t cu\u0309a ma\u0301y phun e\u0301p nh\u01b0\u0323a.\n\">With the method of electric current can adjust the thermal efficiency of injection molding machine.<br \/>\n<\/span><span title=\"Ta\u0323o cho ma\u0301y phun e\u0301p nh\u01b0\u0323a hi\u00ea\u0323u qua\u0309 la\u0300m vi\u00ea\u0323c cao va\u0300 la\u0300m gia\u0309m thi\u00ea\u0309u v\u00e2\u0301n \u0111\u00ea\u0300 \u0111i\u00ea\u0300u khi\u00ea\u0309n bypass t\u01a1\u0301i \u0111i\u00ea\u0300u khi\u00ea\u0309n thay \u0111\u00f4\u0309i t\u00e2\u0300n s\u00f4\u0301.\n\">Makes the injection molding machine highly efficient and minimizes the problem of bypass control to variable frequency control.<br \/>\n<\/span><span title=\"4. Co\u0301 \u0111\u00e2\u0300y \u0111u\u0309 \u0111\u0103\u0323c \u0111i\u00ea\u0309m nh\u01b0 do\u0300ng bi\u00ea\u0301n t\u00e2\u0300n EDS2000, \u0111a\u0301p \u01b0\u0301ng mo\u0323i nhu c\u00e2\u0300u cu\u0309a khach ha\u0300ng.\n\">4. Have the characteristics as EDS2000 inverter line, meet all needs of customers.<br \/>\n<\/span><span title=\"Da\u0303y c\u00f4ng su\u00e2\u0301t: 11KW~75KW 380V\">Power range: 11KW ~ 75KW 380V<\/span><\/span><\/p>\n","protected":false},"featured_media":661,"comment_status":"closed","ping_status":"closed","template":"","meta":{"_acf_changed":false},"product_brand":[],"product_cat":[15],"product_tag":[],"class_list":{"0":"post-662","1":"product","2":"type-product","3":"status-publish","4":"has-post-thumbnail","6":"product_cat-inverter-enc","8":"first","9":"instock","10":"shipping-taxable","11":"purchasable","12":"product-type-simple"},"acf":[],"post_mailing_queue_ids":[],"_links":{"self":[{"href":"https:\/\/daphatech.vn\/en\/wp-json\/wp\/v2\/product\/662","targetHints":{"allow":["GET"]}}],"collection":[{"href":"https:\/\/daphatech.vn\/en\/wp-json\/wp\/v2\/product"}],"about":[{"href":"https:\/\/daphatech.vn\/en\/wp-json\/wp\/v2\/types\/product"}],"replies":[{"embeddable":true,"href":"https:\/\/daphatech.vn\/en\/wp-json\/wp\/v2\/comments?post=662"}],"wp:featuredmedia":[{"embeddable":true,"href":"https:\/\/daphatech.vn\/en\/wp-json\/wp\/v2\/media\/661"}],"wp:attachment":[{"href":"https:\/\/daphatech.vn\/en\/wp-json\/wp\/v2\/media?parent=662"}],"wp:term":[{"taxonomy":"product_brand","embeddable":true,"href":"https:\/\/daphatech.vn\/en\/wp-json\/wp\/v2\/product_brand?post=662"},{"taxonomy":"product_cat","embeddable":true,"href":"https:\/\/daphatech.vn\/en\/wp-json\/wp\/v2\/product_cat?post=662"},{"taxonomy":"product_tag","embeddable":true,"href":"https:\/\/daphatech.vn\/en\/wp-json\/wp\/v2\/product_tag?post=662"}],"curies":[{"name":"wp","href":"https:\/\/api.w.org\/{rel}","templated":true}]}}