{"id":658,"date":"2018-05-22T23:37:00","date_gmt":"2018-05-22T23:37:00","guid":{"rendered":"http:\/\/daphatech.yourweb.vn\/san-pham\/single-inverters-board\/"},"modified":"2018-06-01T09:58:58","modified_gmt":"2018-06-01T09:58:58","slug":"single-board-inverter","status":"publish","type":"product","link":"https:\/\/daphatech.vn\/en\/san-pham\/single-board-inverter\/","title":{"rendered":"Single board inverter"},"content":{"rendered":"","protected":false},"excerpt":{"rendered":"<p><span id=\"result_box\" class=\"\" lang=\"en\"><span title=\"BI\u00ca\u0301N T\u00c2\u0300N D\u1ea0NG \u0110\u01a0N BOARD EDS780\n\n\">EDS780 BOARD FITTING<\/p>\n<p><\/span><span title=\"D\u00e3y c\u00f4ng su\u1ea5t: 1 pha 220V 0.75 KW\n\n\">Power range: 1 phase 220V 0.75 KW<\/p>\n<p><\/span><span title=\"1. Ki\u0301ch c\u01a1\u0303 nho\u0309, c\u00e2\u0301u hi\u0300nh ma\u0323nh, chi phi\u0301 th\u01b0\u0323c hi\u00ea\u0323n c\u01b0\u0323c th\u1ea5p\n\n\">1. Small size, strong configuration, ultra low implementation cost<\/p>\n<p><\/span><span title=\"2. \u0110\u01b0\u01a1\u0323c xu\u1ea5t ra nhi\u00ea\u0300u n\u01b0\u01a1\u0301c v\u01a1\u0301i nhi\u00ea\u0300u ma\u0301y\u2026.kha\u0301c nhau\n\n\">2. Exported to many countries with many different machines<\/p>\n<p><\/span><span title=\"3. \u0110i\u00ea\u0300u khi\u00ea\u0309n vector \u0111i\u00ea\u0323n a\u0301p kh\u00f4ng gian SVPWM\n\n\">3. Vector space voltage control SVPWM<\/p>\n<p><\/span><span title=\"4. 16 b\u01b0\u01a1\u0301c \u0111i\u00ea\u0300u khi\u00ea\u0309n t\u00f4\u0301c \u0111\u00f4\u0323 \u0111\u00f4\u0323c l\u00e2\u0323p, \u0111i\u00ea\u0300u khi\u00ea\u0309n chi\u0301nh xa\u0301c va\u0300 thu\u00e2\u0323n ti\u00ea\u0323n\n\n\">4. 16 independent speed control steps, precise control and convenient<\/p>\n<p><\/span><span title=\"5. T\u01b0\u01a1ng thi\u0301ch t\u00f4\u0301t v\u01a1\u0301i ngu\u00f4\u0300n cung c\u00e2\u0301p, co\u0301 th\u00ea\u0309 a\u0301p du\u0323ng va\u0300o \u0111i\u00ea\u0323n l\u01b0\u01a1\u0301i n\u00f4ng th\u00f4n th\u01b0\u01a1\u0300ng dao \u0111\u00f4\u0323ng l\u01a1\u0301n\n\n\">5. Good adaptability to the supply, which can be applied to rural electricity networks, is often fluctuating<\/p>\n<p><\/span><span title=\"6. L\u1ef1a ch\u1ecdn linh ho\u1ea1t d\u1ea1ng \u0111i\u1ec1u khi\u1ec3n panel hay ngo\u1ea1i vi ho\u1eb7c c\u00e1c ki\u1ec3u \u0111i\u1ec1u khi\u1ec3n kh\u00e1c.\n\n\">6. Flexible choice of panel or peripheral control or other types of controls.<\/p>\n<p><\/span><span title=\"7. T\u1ee5 \u0111i\u1ec7n ngu\u1ed3n c\u00f3 th\u1ec3 l\u01b0u tr\u1eef \u0111i\u1ec7n n\u0103ng\n\n\">7. Power capacitors can store power<\/p>\n<p><\/span><span title=\"8. Thi\u00ea\u0301t k\u00ea\u0301 ch\u01b0\u0301c n\u0103ng PLC \u0111\u01a1n gia\u0309n, ch\u01b0\u0301c n\u0103ng \u0111an ch\u00e9o\/ngang, nhi\u00ea\u0300u t\u01b0\u01a1ng th\u00edch th\u00f4ng d\u1ee5ng kh\u00e1c\n\n\">8. Simple PLC function design, cross \/ horizontal function, many other common compatible<\/p>\n<p><\/span><span title=\"9. Ch\u01b0\u0301a b\u00f4\u0323 nh\u01a1\u0301 ba\u0301o l\u00f4\u0303i, thu\u00e2\u0323n ti\u00ean h\u01a1n cho vi\u00ea\u0323c ti\u0300m ki\u00ea\u0301m nguy\u00ean nh\u00e2n.\n\n\">9. Contains error memory, more convenient for finding the cause.<\/p>\n<p><\/span><span title=\"10. Chu\u1ea9n giao ti\u1ebfp RS485\n\n\">10. RS485 interface<\/p>\n<p><\/span><span title=\"D\u00e3y c\u00f4ng su\u1ea5t: 1 pha 220V 0.75 KW\">Power range: 1 phase 220V 0.75 KW<\/span><\/span><\/p>\n","protected":false},"featured_media":657,"comment_status":"closed","ping_status":"closed","template":"","meta":{"_acf_changed":false},"product_brand":[],"product_cat":[15],"product_tag":[],"class_list":{"0":"post-658","1":"product","2":"type-product","3":"status-publish","4":"has-post-thumbnail","6":"product_cat-inverter-enc","8":"first","9":"instock","10":"shipping-taxable","11":"product-type-simple"},"acf":[],"post_mailing_queue_ids":[],"_links":{"self":[{"href":"https:\/\/daphatech.vn\/en\/wp-json\/wp\/v2\/product\/658","targetHints":{"allow":["GET"]}}],"collection":[{"href":"https:\/\/daphatech.vn\/en\/wp-json\/wp\/v2\/product"}],"about":[{"href":"https:\/\/daphatech.vn\/en\/wp-json\/wp\/v2\/types\/product"}],"replies":[{"embeddable":true,"href":"https:\/\/daphatech.vn\/en\/wp-json\/wp\/v2\/comments?post=658"}],"wp:featuredmedia":[{"embeddable":true,"href":"https:\/\/daphatech.vn\/en\/wp-json\/wp\/v2\/media\/657"}],"wp:attachment":[{"href":"https:\/\/daphatech.vn\/en\/wp-json\/wp\/v2\/media?parent=658"}],"wp:term":[{"taxonomy":"product_brand","embeddable":true,"href":"https:\/\/daphatech.vn\/en\/wp-json\/wp\/v2\/product_brand?post=658"},{"taxonomy":"product_cat","embeddable":true,"href":"https:\/\/daphatech.vn\/en\/wp-json\/wp\/v2\/product_cat?post=658"},{"taxonomy":"product_tag","embeddable":true,"href":"https:\/\/daphatech.vn\/en\/wp-json\/wp\/v2\/product_tag?post=658"}],"curies":[{"name":"wp","href":"https:\/\/api.w.org\/{rel}","templated":true}]}}