{"id":587,"date":"2018-05-22T09:41:31","date_gmt":"2018-05-22T09:41:31","guid":{"rendered":"http:\/\/daphatech.yourweb.vn\/?post_type=product&#038;p=587"},"modified":"2018-07-07T02:12:25","modified_gmt":"2018-07-07T02:12:25","slug":"multifunction-inverter-en600","status":"publish","type":"product","link":"https:\/\/daphatech.vn\/en\/san-pham\/multifunction-inverter-en600\/","title":{"rendered":"Bi\u1ebfn t\u1ea7n \u0111a n\u0103ng"},"content":{"rendered":"<p>C\u00e1c bi\u1ebfn t\u1ea7n ch\u1ee7 y\u1ebfu \u0111\u01b0\u1ee3c s\u1eed d\u1ee5ng trong m\u00e1y m\u00f3c ch\u1ebf bi\u1ebfn g\u1ed7, se s\u1ee3i, m\u00e1y n\u00e9n kh\u00ed, m\u00e1y m\u00f3c khai th\u00e1c m\u1ecf, m\u00e1y m\u00f3c in \u1ea5n, m\u00e1y m\u00f3c \u0111\u00f3ng g\u00f3i, m\u00e1y m\u00f3c th\u1ef1c ph\u1ea9m, d\u1ec7t may, h\u00f3a ch\u1ea5t, giao th\u00f4ng, d\u00e2y v\u00e0 c\u00e1p \u0111i\u1ec7n, g\u1ed1m s\u1ee9, v\u1eadt li\u1ec7u x\u00e2y d\u1ef1ng, thu\u1ed1c l\u00e1 v\u00e0 c\u00e1c ng\u00e0nh c\u00f4ng nghi\u1ec7p kh\u00e1c nh\u01b0 thang cu\u1ed1n, m\u00e1y ch\u1ea1y b\u1ed9, c\u00f4ng nghi\u1ec7p m\u00e1y l\u1ea1nh, qu\u1ea1t, c\u00e1c \u1ee9ng d\u1ee5ng m\u00e1y b\u01a1m.<\/p>\n<p>Da\u0303y c\u00f4ng su\u00e2\u0301t: 0.4kw ~ 2.2kw 220V; 0.75kw ~ 55kw 380V<\/p>\n<p><img loading=\"lazy\" decoding=\"async\" class=\"size-full wp-image-631 aligncenter\" src=\"http:\/\/daphatech.vn\/wp-content\/uploads\/2018\/05\/bien-tan-da-nang-2.jpg\" alt=\"\" width=\"550\" height=\"421\" \/><\/p>\n<p><img loading=\"lazy\" decoding=\"async\" class=\"size-full wp-image-633 aligncenter\" src=\"http:\/\/daphatech.vn\/wp-content\/uploads\/2018\/05\/bien-tan-da-nang.jpg\" alt=\"\" width=\"550\" height=\"601\" \/><\/p>\n","protected":false},"excerpt":{"rendered":"<ol>\n<li>C\u00f4ng ngh\u1ec7 v\u00e9c-t\u01a1 kh\u00f4ng gian \u0111i\u1ec7n \u00e1p (SVPWM) \u0111\u00e1p \u1ee9ng nhanh, \u0111\u1ed9 b\u1ec1n cao.<\/li>\n<li>\u0110\u1ea1t 150% ng\u1eabu l\u1ef1c danh \u0111\u1ecbnh khi \u1edf t\u1ea7n s\u1ed1 1.0Hz<\/li>\n<li>\u0110a ch\u1ee9c n\u0103ng, k\u00edch th\u01b0\u1edbc nh\u1ecf g\u1ecdn, ph\u00f9 h\u1ee3p l\u1eafp \u0111\u1eb7t \u1edf nhi\u1ec1u v\u1ecb tr\u00ed kh\u00e1c nhau.<\/li>\n<li>T\u1ef1 \u0111\u1ed9ng sinh ch\u1ee9c n\u0103ng \u1ed5n \u0111\u1ecbnh \u0111i\u1ec7n \u00e1p (AVR) v\u00e0 gi\u1edbi h\u1ea1n d\u00f2ng \u0111i\u1ec7n l\u00e0m cho h\u1ec7 th\u1ed1ng ho\u1ea1t \u0111\u1ed9ng \u1ed5n \u0111\u1ecbnh h\u01a1n<\/li>\n<li>T\u00edch h\u1ee3p s\u1eb5n b\u1ed9 \u0111i\u1ec1u khi\u1ec3n PID c\u00f3 th\u1ec3 nh\u1eadn ra h\u1eb1ng s\u1ed1 \u00e1p su\u1ea5t (d\u00f2ng ch\u1ea3y&#8230;.)<\/li>\n<li>\u0110i\u1ec1u khi\u1ec3n &#8220;01 bi\u1ebfn t\u1ea7n k\u1ebft h\u1ee3p v\u1edbi nhi\u1ec1u thi\u1ebft b\u1ecb&#8221; th\u00f4ng qua card m\u1edf r\u1ed9ng.<\/li>\n<li>C\u00f3 ch\u1ee9c n\u0103ng ch\u1ea1y ki\u1ec3u zigzac cho m\u00e1y d\u1ec7t, c\u00f3 th\u1ec3 \u1ee9ng d\u1ee5ng r\u1ed9ng r\u00e3i cho t\u1ea5t c\u1ea3 c\u00e1c thi\u1ebft b\u1ecb m\u00e1y th\u00eau d\u1ec7t.<\/li>\n<li>T\u00edch h\u1ee3p b\u1ed9 \u0111\u1ecbnh th\u1eddi\/\u0111\u1ebfm d\u00e0nh cho ng\u01b0\u1eddi s\u1eed d\u1ee5ng.<\/li>\n<li>Giao ti\u1ebfp ng\u00f5 v\u00e0o\/ra xung t\u1eeb 0~20KHz thu\u1eadn l\u1ee3i cho thi\u1ebft k\u1ebf h\u1ec7 th\u1ed1ng \u0111i\u1ec1u khi\u1ec3n v\u00f2ng k\u00edn digital<\/li>\n<li>C\u1ed5ng giao ti\u1ebfp chu\u1ea9n RS485.<\/li>\n<li>D\u00e3y c\u00f4ng su\u1ea5t: 0.4kw ~ 2.2kw 220V; 0.75kw~5.5kw 380V.<\/li>\n<\/ol>\n","protected":false},"featured_media":623,"comment_status":"closed","ping_status":"closed","template":"","meta":{"_acf_changed":false},"product_brand":[],"product_cat":[15],"product_tag":[],"class_list":{"0":"post-587","1":"product","2":"type-product","3":"status-publish","4":"has-post-thumbnail","6":"product_cat-inverter-enc","8":"first","9":"instock","10":"shipping-taxable","11":"product-type-simple"},"acf":[],"post_mailing_queue_ids":[],"_links":{"self":[{"href":"https:\/\/daphatech.vn\/en\/wp-json\/wp\/v2\/product\/587","targetHints":{"allow":["GET"]}}],"collection":[{"href":"https:\/\/daphatech.vn\/en\/wp-json\/wp\/v2\/product"}],"about":[{"href":"https:\/\/daphatech.vn\/en\/wp-json\/wp\/v2\/types\/product"}],"replies":[{"embeddable":true,"href":"https:\/\/daphatech.vn\/en\/wp-json\/wp\/v2\/comments?post=587"}],"wp:featuredmedia":[{"embeddable":true,"href":"https:\/\/daphatech.vn\/en\/wp-json\/wp\/v2\/media\/623"}],"wp:attachment":[{"href":"https:\/\/daphatech.vn\/en\/wp-json\/wp\/v2\/media?parent=587"}],"wp:term":[{"taxonomy":"product_brand","embeddable":true,"href":"https:\/\/daphatech.vn\/en\/wp-json\/wp\/v2\/product_brand?post=587"},{"taxonomy":"product_cat","embeddable":true,"href":"https:\/\/daphatech.vn\/en\/wp-json\/wp\/v2\/product_cat?post=587"},{"taxonomy":"product_tag","embeddable":true,"href":"https:\/\/daphatech.vn\/en\/wp-json\/wp\/v2\/product_tag?post=587"}],"curies":[{"name":"wp","href":"https:\/\/api.w.org\/{rel}","templated":true}]}}