{"id":4815,"date":"2020-06-23T08:21:10","date_gmt":"2020-06-23T08:22:50","guid":{"rendered":"http:\/\/daphatech.yourweb.vn\/?post_type=product&#038;p=4815"},"modified":"2021-03-11T02:45:49","modified_gmt":"2021-03-11T02:45:49","slug":"temperature-controller-ak6","status":"publish","type":"product","link":"https:\/\/daphatech.vn\/en\/san-pham\/temperature-controller-ak6\/","title":{"rendered":"AK6 Series intelligent temperature controller"},"content":{"rendered":"<p>&#8211; appearance: 48mm \u00d7 48mm; 48mm \u00d7 96mm; 96mm \u00d7 48mm; 72mm \u00d7 72mm; 96mm \u00d7 96mm;<br \/>\n&#8211; Input signal: K, E, J, N, W3-25, W5-26; PT100; CU50<br \/>\n&#8211; Power type: linear power supply; switching power supply<br \/>\n&#8211; main output: relay; logic level output; analog output; thyristor phase shift trigger \/ zero-crossing trigger; 30A relay; thyristor straight belt; isolated analog output<br \/>\n&#8211; Alarm output: no alarm; 1 relay; 2 relays; 1 logic level 1 relay; 1 logic level; 2 logic levels; 1 relay (normally open, normally closed) &#8211; see wiring diagram meter)<br \/>\n&#8211; Enhanced features: no enhancements<br \/>\n&#8211; Function code: Custom product serial number, this item is meaningless when product selection<\/p>\n<p>\u2014Rated Voltage: AC100(-15%)~240V(+10%)\u300150\/60 HZ<\/p>\n<p>\u2014Power Consumption: \u22645VA<\/p>\n<p>\u2014Dielectric Strength: power-input: 1500V AC 1min; input-relay output: 1500V AC 1min; power-relay output: 1500V AC 1min<\/p>\n<p>\u2014Insulation Resistance: input-relay output: \uff1e20M\u03a9; input-power: \uff1e20M\u03a9; power-relay output: \uff1e20M\u03a9<\/p>\n<p>\u2014Working environment: Ambient temperature: 0\u2103~50\u2103; Relative humidity: 35%~85% (no condensation)<\/p>\n<p>\u2014Input Type: K\uff0cE\uff0cJ\uff0cN\uff0cW3-25\uff0cW5-26\uff0cS\uff0cB\uff0cR\uff0cT\uff1bPT100\u3001CU50\u30010-5V\u30010-10V\u30014-20mA<\/p>\n<p>\u2014Input Impedance: thermocouple: \u2264100\u03a9<\/p>\n<p>\u2014Measurement Range: -200\u2103\u20142300\u2103<\/p>\n<p>\u2014Resolution: 0.1, 1 (adjustable)<\/p>\n<p>\u2014Accuracy: \u00b10.5%FS<\/p>\n<p>\u2014Relay Output: relay contact: AC220V\/ DC30V\uff0c3A\uff1bresistive load or designation<\/p>\n<p>\u2014Logic Level Output: ON: DC12V (DC9V~15V); OFF: Below DC 0.5V; Max Current: 30mA; load resistance\u22651K<\/p>\n<p>\u2014SCR zero cross signal: 100mA<\/p>\n<p>\u2014DC 4-20mA output: allowable load resistance below 500\u03a9<\/p>\n<p>\u2014Alarm output (up to 2 point): AC220V\/DC30V, 3A; resistive load or designation<\/p>\n<p>\u2014Compliance with EMC standards<\/p>\n","protected":false},"excerpt":{"rendered":"<p>AK6 series product could meet wide range of needs. It is cost-effective and customers rate it highly all the time. The appearance is designed by famous design companies, the operation is easy, control is precise and anti-interference ability is strong. It is widely used in extruding, packaging, rubber, biological engineering, chemical and other occasions.<\/p>\n","protected":false},"featured_media":4804,"comment_status":"open","ping_status":"closed","template":"","meta":{"_acf_changed":false},"product_brand":[],"product_cat":[66],"product_tag":[],"class_list":{"0":"post-4815","1":"product","2":"type-product","3":"status-publish","4":"has-post-thumbnail","6":"product_cat-winpark-thermal-winx","8":"first","9":"instock","10":"shipping-taxable","11":"purchasable","12":"product-type-simple"},"acf":[],"post_mailing_queue_ids":[],"_links":{"self":[{"href":"https:\/\/daphatech.vn\/en\/wp-json\/wp\/v2\/product\/4815","targetHints":{"allow":["GET"]}}],"collection":[{"href":"https:\/\/daphatech.vn\/en\/wp-json\/wp\/v2\/product"}],"about":[{"href":"https:\/\/daphatech.vn\/en\/wp-json\/wp\/v2\/types\/product"}],"replies":[{"embeddable":true,"href":"https:\/\/daphatech.vn\/en\/wp-json\/wp\/v2\/comments?post=4815"}],"wp:featuredmedia":[{"embeddable":true,"href":"https:\/\/daphatech.vn\/en\/wp-json\/wp\/v2\/media\/4804"}],"wp:attachment":[{"href":"https:\/\/daphatech.vn\/en\/wp-json\/wp\/v2\/media?parent=4815"}],"wp:term":[{"taxonomy":"product_brand","embeddable":true,"href":"https:\/\/daphatech.vn\/en\/wp-json\/wp\/v2\/product_brand?post=4815"},{"taxonomy":"product_cat","embeddable":true,"href":"https:\/\/daphatech.vn\/en\/wp-json\/wp\/v2\/product_cat?post=4815"},{"taxonomy":"product_tag","embeddable":true,"href":"https:\/\/daphatech.vn\/en\/wp-json\/wp\/v2\/product_tag?post=4815"}],"curies":[{"name":"wp","href":"https:\/\/api.w.org\/{rel}","templated":true}]}}