{"id":1649,"date":"2018-07-06T09:56:38","date_gmt":"2018-07-06T09:56:38","guid":{"rendered":"http:\/\/daphatech.yourweb.vn\/san-pham\/winpark-temperature\/"},"modified":"2021-03-11T02:44:46","modified_gmt":"2021-03-11T02:44:46","slug":"temperature-controller-gr818","status":"publish","type":"product","link":"https:\/\/daphatech.vn\/en\/san-pham\/temperature-controller-gr818\/","title":{"rendered":"Temperature controller GR818"},"content":{"rendered":"<p>&#8211; appearance: 48mm \u00d7 48mm; 48mm \u00d7 96mm; 96mm \u00d7 48mm; 72mm \u00d7 72mm; 96mm \u00d7 96mm;<br \/>\n&#8211; Input signal: thermocouple \/ RTD input; voltage and current signal input (0-10V\/0-20mA)<br \/>\n&#8211; Power type: linear power supply; switching power supply<br \/>\n&#8211; main output: relay; logic level output; analog output (0-5V\/0-10V\/4-20mA); thyristor phase shift trigger; thyristor zero-crossing trigger<br \/>\n&#8211; Number of alarm output channels: no alarm; 1 relay; 2 relays; 1 logic level 1 relay; 1 logic level; 2 logic levels; 1 relay (normally open, normally closed) &#8211; wiring See the instrument)<br \/>\n&#8211; Enhanced function: no enhanced function; RS485 communication; transformer current detection; RS485 communication + transformer current detection; analog input channel 2 (0-10V\/0-20mA)<br \/>\n&#8211; Extended input and output: no expansion; 2 input 2 output; 4 input; 4 output<br \/>\n&#8211; function code<\/p>\n<p><img loading=\"lazy\" decoding=\"async\" class=\"\" src=\"https:\/\/daphatech.vn\/wp-content\/uploads\/2018\/07\/Gr818-4.png\" width=\"502\" height=\"213\" \/><\/p>\n<p>\u2014Rated voltage: AC100 (-15%) ~ 240V (+10%), 50\/60 HZ<br \/>\n&#8211; Power consumption: \u226410VA<br \/>\n\u2014Insulation strength: Power supply-input: 1500V AC 1min; input-relay output: 1500V AC 1min; power supply-relay output: 1500V AC 1min<br \/>\n\u2014Insulation resistance: input-relay output: &gt;20M\u03a9; input-power supply: &gt;20M\u03a9; power supply-relay output: &gt;20M\u03a9<br \/>\n&#8211; Working environment: Ambient temperature: 0 \u00b0 C ~ 50 \u00b0 C; Relative humidity: 35% ~ 85% RH (no condensation)<br \/>\n&#8211; Input type: K, E, J, N, W3-25, W5-26, S, B, R, T; PT100, CU50, 0-5V, 0-10V, 4-20mA<br \/>\n&#8211; Allow input impedance: thermocouple; \u2264 100\u03a9<br \/>\n&#8211; Measurement range: -200 \u00b0 C &#8211; 2300 \u00b0 C<br \/>\n&#8211; Resolution: 0.1, 1 can be set<br \/>\n&#8211; Basic error: \u00b10.5% FS<br \/>\n&#8211; Relay output: relay contact AC220V \/ DC30V, 3A; resistive load or specified<br \/>\n\u2014Logic level output: When ON: DC12V (DC9V~15V); When OFF: DC below 0.5V; Maximum current: 30mA; Load resistance \u22651K<br \/>\n\u2014 SCR zero-crossing trigger signal: 100mA<br \/>\n\u2014DC 4-20mA output : Allowable load resistance below 500\u03a9<br \/>\n&#8211; Alarm output (up to 2 points): AC220V\/DC30V, 3A; resistive load or designation<br \/>\n&#8211; Communication function: RS-485 interface; transmission mode: half-duplex serial start and stop synchronization; transmission speed: 1200bps 2400bps 4800bps 9600bps 19200bps 38400bps 57600bps 115200bps; communication protocol: conform to Modbus RTU; transmission distance: maximum 500 meters (total length of connection ); number of connected stations: 65<\/p>\n","protected":false},"excerpt":{"rendered":"<p class=\"pro-this-prodBrief\">The GR818 series is a new plug-in temperature control regulating instrument newly developed by Huibang. The series of instruments are divided into four types: general-purpose, enhanced, engineering and program-based, which meet the needs of customers from low to high. . This series of instruments has added new functions such as current detection, output maintenance, module automatic identification, communication function, offline parameter setting, two-way PID, parameter setting contradictory prompts, etc., so that customers are more efficient and accurate in the manufacture and use of equipment. This makes it more time-saving, trouble-free, and worry-free.<\/p>\n","protected":false},"featured_media":2721,"comment_status":"closed","ping_status":"closed","template":"","meta":{"_acf_changed":false},"product_brand":[],"product_cat":[66],"product_tag":[],"class_list":{"0":"post-1649","1":"product","2":"type-product","3":"status-publish","4":"has-post-thumbnail","6":"product_cat-winpark-thermal-winx","8":"first","9":"instock","10":"shipping-taxable","11":"purchasable","12":"product-type-simple"},"acf":[],"post_mailing_queue_ids":[],"_links":{"self":[{"href":"https:\/\/daphatech.vn\/en\/wp-json\/wp\/v2\/product\/1649","targetHints":{"allow":["GET"]}}],"collection":[{"href":"https:\/\/daphatech.vn\/en\/wp-json\/wp\/v2\/product"}],"about":[{"href":"https:\/\/daphatech.vn\/en\/wp-json\/wp\/v2\/types\/product"}],"replies":[{"embeddable":true,"href":"https:\/\/daphatech.vn\/en\/wp-json\/wp\/v2\/comments?post=1649"}],"wp:featuredmedia":[{"embeddable":true,"href":"https:\/\/daphatech.vn\/en\/wp-json\/wp\/v2\/media\/2721"}],"wp:attachment":[{"href":"https:\/\/daphatech.vn\/en\/wp-json\/wp\/v2\/media?parent=1649"}],"wp:term":[{"taxonomy":"product_brand","embeddable":true,"href":"https:\/\/daphatech.vn\/en\/wp-json\/wp\/v2\/product_brand?post=1649"},{"taxonomy":"product_cat","embeddable":true,"href":"https:\/\/daphatech.vn\/en\/wp-json\/wp\/v2\/product_cat?post=1649"},{"taxonomy":"product_tag","embeddable":true,"href":"https:\/\/daphatech.vn\/en\/wp-json\/wp\/v2\/product_tag?post=1649"}],"curies":[{"name":"wp","href":"https:\/\/api.w.org\/{rel}","templated":true}]}}