{"id":1559,"date":"2018-06-27T11:25:24","date_gmt":"2018-06-27T11:25:24","guid":{"rendered":"http:\/\/daphatech.yourweb.vn\/san-pham\/en600-solar-pump-inverter\/"},"modified":"2023-04-03T14:06:47","modified_gmt":"2023-04-03T07:06:47","slug":"en600-solar-pump-inverter","status":"publish","type":"product","link":"https:\/\/daphatech.vn\/en\/san-pham\/en600-solar-pump-inverter\/","title":{"rendered":"EN600 solar pump inverter"},"content":{"rendered":"<table>\n<tbody>\n<tr>\n<td width=\"253\">Type<\/td>\n<td width=\"189\">4T series<\/td>\n<td width=\"174\">2S series<\/td>\n<\/tr>\n<tr>\n<td width=\"253\">Max input DC voltage<\/td>\n<td width=\"189\">800V DC<\/td>\n<td width=\"174\">400V DC<\/td>\n<\/tr>\n<tr>\n<td width=\"253\">Recommended MPPT &amp; CVT voltage range<\/td>\n<td width=\"189\">350V ~750 DC<\/td>\n<td width=\"174\">160V ~ 380 V<\/td>\n<\/tr>\n<tr>\n<td width=\"253\">Recommended input voltage<\/td>\n<td width=\"189\">530V DC\/ 380V AC<\/td>\n<td width=\"174\">310V DC\/ 220V AC<\/td>\n<\/tr>\n<tr>\n<td width=\"253\">Rated output voltage<\/td>\n<td width=\"189\">3PH 380V AC<\/td>\n<td width=\"174\">2PH 220V AC<\/td>\n<\/tr>\n<tr>\n<td width=\"253\">MPPT efficiency<\/td>\n<td colspan=\"2\" width=\"363\">&gt;97%<\/td>\n<\/tr>\n<tr>\n<td width=\"253\">Output frequency range<\/td>\n<td colspan=\"2\" width=\"363\">0~600HZ<\/td>\n<\/tr>\n<tr>\n<td width=\"253\">Max efficiency<\/td>\n<td colspan=\"2\" width=\"363\">&gt;97%<\/td>\n<\/tr>\n<tr>\n<td width=\"253\">Level protection<\/td>\n<td colspan=\"2\" width=\"363\">IP20 l\u00e0m m\u00e1t b\u1eb1ng kh\u00f4ng kh\u00ed<\/td>\n<\/tr>\n<tr>\n<td width=\"253\">Altitude<\/td>\n<td colspan=\"2\" width=\"363\">Below (D\u01b0\u1edbi )1000m, \u00a0above (tr\u00ean) 1000m, derate (c\u1eaft gi\u1ea3m)10% \u0111\u1ed1i v\u1edbi t\u1ea5t c\u1ea3 \u0111i\u1ec1u ki\u1ec7n 1000m<\/td>\n<\/tr>\n<tr>\n<td width=\"253\">Solar pump inverter type<\/td>\n<td colspan=\"2\" width=\"363\">G:G type for submersible pumps ( lo\u1ea1i m\u00e1y b\u01a1m ch\u00ecm )<br \/>\nP:P type for centrifugal pumps (lo\u1ea1i m\u00e1y b\u01a1m ly t\u00e2m).<\/td>\n<\/tr>\n<\/tbody>\n<\/table>\n","protected":false},"excerpt":{"rendered":"<p>C\u00e1c t\u00ednh n\u0103ng c\u1ee7a bi\u1ebfn t\u1ea7n b\u01a1m n\u0103ng l\u01b0\u1ee3ng m\u1eb7t tr\u1eddi d\u00f2ng EN6001. Hai m\u00f4 h\u00ecnh \u0111i\u1ec1u khi\u1ec3n: m\u00f4 h\u00ecnh CVT v\u00e0 ch\u1ebf \u0111\u1ed9 MPPT2. Theo d\u00f5i \u0111i\u1ec3m c\u1ef1c \u0111\u1ea1i3. \u00c1nh s\u00e1ng y\u1ebfu t\u1ef1 \u0111\u1ed9ng ng\u1ee7, v\u1edbi \u00e1nh s\u00e1ng m\u1ea1nh t\u1ef1 \u0111\u1ed9ng th\u1ee9c d\u1eady4. Kh\u1edfi \u0111\u1ed9ng l\u1ea1i m\u1ef1c n\u01b0\u1edbc th\u1ea5p, c\u1ea5p n\u01b0\u1edbc cao s\u1ebd d\u1eebng t\u1ef1 \u0111\u1ed9ng5. H\u1ed7 tr\u1ee3 c\u1ea3 \u0111\u1ea7u v\u00e0o DC v\u00e0 AC. Kh\u00f4ng c\u00f3 \u00e1nh n\u1eafng m\u1eb7t tr\u1eddi v\u00e0 trong nh\u1eefng ng\u00e0y m\u01b0a, ch\u1ecdn l\u01b0\u1edbi \u0111i\u1ec7n AC v\u00e0 Drive b\u1eb1ng c\u00e1ch c\u00e0i \u0111\u1eb7t c\u00e1c th\u00f4ng s\u1ed1.6. H\u1ed7 tr\u1ee3 giao th\u1ee9c RS485 (giao th\u1ee9c mi\u1ec5n ph\u00ed v\u00e0 giao th\u1ee9c Modbus), Profibus-DP, c\u00f3 th\u1ec3 li\u00ean k\u1ebft v\u00e0 c\u00f3 th\u1ec3 m\u1edf7. C\u00e0i \u0111\u1eb7t nhanh, kh\u00f4ng c\u1ea7n b\u1ea3o tr\u00ec th\u00eam8. T\u01b0\u01a1ng th\u00edch v\u1edbi h\u1ea7u h\u1ebft c\u00e1c t\u1ea5m pin m\u1eb7t tr\u1eddi9. H\u1ed7 tr\u1ee3 t\u1ea3i l\u00ean b\u00e0n ph\u00edm, t\u1ea3i xu\u1ed1ng v\u00e0 sao ch\u00e9p c\u00e1c th\u00f4ng s\u1ed1, l\u00e0m cho c\u00e1c th\u00f4ng s\u1ed1 thi\u1ebft l\u1eadp d\u1ec5 d\u00e0ng<\/p>\n","protected":false},"featured_media":5958,"comment_status":"closed","ping_status":"closed","template":"","meta":{"_acf_changed":false},"product_brand":[],"product_cat":[15],"product_tag":[],"class_list":{"0":"post-1559","1":"product","2":"type-product","3":"status-publish","4":"has-post-thumbnail","6":"product_cat-inverter-enc","8":"first","9":"instock","10":"shipping-taxable","11":"product-type-grouped"},"acf":[],"post_mailing_queue_ids":[],"_links":{"self":[{"href":"https:\/\/daphatech.vn\/en\/wp-json\/wp\/v2\/product\/1559","targetHints":{"allow":["GET"]}}],"collection":[{"href":"https:\/\/daphatech.vn\/en\/wp-json\/wp\/v2\/product"}],"about":[{"href":"https:\/\/daphatech.vn\/en\/wp-json\/wp\/v2\/types\/product"}],"replies":[{"embeddable":true,"href":"https:\/\/daphatech.vn\/en\/wp-json\/wp\/v2\/comments?post=1559"}],"wp:featuredmedia":[{"embeddable":true,"href":"https:\/\/daphatech.vn\/en\/wp-json\/wp\/v2\/media\/5958"}],"wp:attachment":[{"href":"https:\/\/daphatech.vn\/en\/wp-json\/wp\/v2\/media?parent=1559"}],"wp:term":[{"taxonomy":"product_brand","embeddable":true,"href":"https:\/\/daphatech.vn\/en\/wp-json\/wp\/v2\/product_brand?post=1559"},{"taxonomy":"product_cat","embeddable":true,"href":"https:\/\/daphatech.vn\/en\/wp-json\/wp\/v2\/product_cat?post=1559"},{"taxonomy":"product_tag","embeddable":true,"href":"https:\/\/daphatech.vn\/en\/wp-json\/wp\/v2\/product_tag?post=1559"}],"curies":[{"name":"wp","href":"https:\/\/api.w.org\/{rel}","templated":true}]}}